{"id":99576,"date":"2021-11-16T19:17:31","date_gmt":"2021-11-16T19:17:31","guid":{"rendered":"https:\/\/www.flad.pt\/outsiders\/all-the-light-in-the-sky\/"},"modified":"2024-03-18T14:35:45","modified_gmt":"2024-03-18T14:35:45","slug":"all-the-light-in-the-sky","status":"publish","type":"page","link":"https:\/\/www.flad.pt\/en\/outsiders-azores-22\/all-the-light-in-the-sky\/","title":{"rendered":"All The Light In The Sky"},"content":{"rendered":"<div class=\"wpb-content-wrapper\"><p>[vc_row row_height_percent=&#8221;0&#8243; override_padding=&#8221;yes&#8221; h_padding=&#8221;2&#8243; top_padding=&#8221;3&#8243; bottom_padding=&#8221;6&#8243; overlay_alpha=&#8221;50&#8243; gutter_size=&#8221;3&#8243; column_width_percent=&#8221;100&#8243; shift_y=&#8221;0&#8243; z_index=&#8221;0&#8243;][vc_column width=&#8221;1\/2&#8243;][vc_empty_space empty_h=&#8221;3&#8243; mobile_visibility=&#8221;yes&#8221;][vc_custom_heading heading_semantic=&#8221;h1&#8243; text_font=&#8221;font-596618&#8243; text_size=&#8221;h1&#8243; text_transform=&#8221;uppercase&#8221; text_space=&#8221;fontspace-111509&#8243; text_color=&#8221;color-334370&#8243;]All The Light In The Sky[\/vc_custom_heading][vc_column_text]<span class=\"font-596618\">Fic\u00e7\u00e3o, 2012, 79\u2019<\/span><br \/>\n<span class=\"font-596618\" style=\"color: #ed1a3b;\">09\/04 S\u00e1b 21h00<\/span>[\/vc_column_text][vc_empty_space empty_h=&#8221;2&#8243;][vc_single_image media=&#8221;99034&#8243; media_width_percent=&#8221;100&#8243; media_ratio=&#8221;sixteen-nine&#8221;][vc_empty_space empty_h=&#8221;2&#8243;][vc_column_text text_lead=&#8221;small&#8221;]<span class=\"font-596618\"><strong>Realiza\u00e7\u00e3o<\/strong> Joe Swanberg<\/span><br \/>\n<span class=\"font-596618\"><strong>Argumento<\/strong> Jane Adams, Joe Swanberg <\/span><br \/>\n<span class=\"font-596618\"><strong>Fotografia<\/strong> Joe Swanberg<\/span><br \/>\n<span class=\"font-596618\"><strong>Com<\/strong> Jane Adams, Sophia Takal, Kent Osborne<\/span>[\/vc_column_text][vc_empty_space empty_h=&#8221;2&#8243;][vc_button button_color=&#8221;color-334370&#8243; custom_typo=&#8221;yes&#8221; font_family=&#8221;font-596618&#8243; font_weight=&#8221;100&#8243; text_transform=&#8221;uppercase&#8221; letter_spacing=&#8221;fontspace-781688&#8243; border_width=&#8221;0&#8243; link=&#8221;url:https%3A%2F%2Fticketline.sapo.pt%2Fevento%2Foutsiders-all-the-light-in-the-sky-59910|target:_blank|&#8221;]Tickets[\/vc_button][vc_empty_space empty_h=&#8221;2&#8243;][vc_separator sep_color=&#8221;color-334370&#8243; icon_position=&#8221;left&#8221; type=&#8221;dotted&#8221; css_animation=&#8221;left-t-right&#8221; animation_speed=&#8221;200&#8243; el_width=&#8221;100%&#8221; el_height=&#8221;2px&#8221;][\/vc_column][vc_column width=&#8221;1\/2&#8243;][vc_single_image media=&#8221;99032&#8243; media_width_percent=&#8221;100&#8243; media_ratio=&#8221;four-three&#8221;][vc_empty_space empty_h=&#8221;2&#8243;][vc_row_inner][vc_column_inner column_width_percent=&#8221;80&#8243; position_horizontal=&#8221;right&#8221; gutter_size=&#8221;3&#8243; overlay_alpha=&#8221;50&#8243; shift_x=&#8221;0&#8243; shift_y=&#8221;0&#8243; shift_y_down=&#8221;0&#8243; z_index=&#8221;0&#8243; medium_width=&#8221;0&#8243; mobile_width=&#8221;0&#8243; width=&#8221;1\/1&#8243;][vc_separator sep_color=&#8221;color-334370&#8243; icon_position=&#8221;left&#8221; type=&#8221;dotted&#8221; css_animation=&#8221;left-t-right&#8221; animation_speed=&#8221;200&#8243; el_width=&#8221;100%&#8221; el_height=&#8221;2px&#8221;][vc_column_text]<span class=\"font-596618\">Jane Adams (premiada no festival de Nashville, em 2012) \u00e9 uma atriz que vive numa casa alcandorada da fal\u00e9sia de uma praia em Malibu. A idade retira-lhe cada vez mais oportunidades profissionais. A sobrinha, jovem aspirante a atriz, anuncia-lhe que vem passar o fim de semana \u2013 um fim de semana em que se enfrenta uma s\u00e9rie de medos, enceta novas rela\u00e7\u00f5es e se navega por entre as ondas que agitam a vida no in\u00edcio do s\u00e9culo XXI. Sem esfor\u00e7o aparente, Swanberg capta o comportamento humano nos momentos mais desprotegidos.<\/span>[\/vc_column_text][vc_custom_heading heading_semantic=&#8221;h6&#8243; text_font=&#8221;font-596618&#8243; text_size=&#8221;fontsize-160000&#8243; text_transform=&#8221;uppercase&#8221; text_space=&#8221;fontspace-111509&#8243; text_color=&#8221;color-142668&#8243;]<span style=\"color: #00aeef;\">\u2190<a style=\"color: #00aeef;\" href=\"https:\/\/www.flad.pt\/en\/outsiders\/\"><span class=\"font-596618\"> Back<\/span><\/a><\/span>[\/vc_custom_heading][\/vc_column_inner][\/vc_row_inner][\/vc_column][\/vc_row][vc_row row_height_percent=&#8221;0&#8243; overlay_alpha=&#8221;50&#8243; gutter_size=&#8221;3&#8243; column_width_percent=&#8221;100&#8243; shift_y=&#8221;0&#8243; z_index=&#8221;0&#8243; desktop_visibility=&#8221;yes&#8221; medium_visibility=&#8221;yes&#8221; mobile_visibility=&#8221;yes&#8221;][vc_column width=&#8221;1\/1&#8243;][\/vc_column][\/vc_row]<\/p>\n<\/div>","protected":false},"excerpt":{"rendered":"<p>[vc_row row_height_percent=&#8221;0&#8243; override_padding=&#8221;yes&#8221; h_padding=&#8221;2&#8243; top_padding=&#8221;3&#8243; bottom_padding=&#8221;6&#8243; overlay_alpha=&#8221;50&#8243; gutter_size=&#8221;3&#8243; column_width_percent=&#8221;100&#8243; shift_y=&#8221;0&#8243; z_index=&#8221;0&#8243;][vc_column width=&#8221;1\/2&#8243;][vc_empty_space empty_h=&#8221;3&#8243; mobile_visibility=&#8221;yes&#8221;][vc_custom_heading heading_semantic=&#8221;h1&#8243; text_font=&#8221;font-596618&#8243; text_size=&#8221;h1&#8243; text_transform=&#8221;uppercase&#8221; text_space=&#8221;fontspace-111509&#8243; text_color=&#8221;color-334370&#8243;]All [&hellip;]<\/p>\n","protected":false},"author":1,"featured_media":0,"parent":100771,"menu_order":0,"comment_status":"closed","ping_status":"closed","template":"","meta":{"footnotes":"","_links_to":"","_links_to_target":""},"class_list":["post-99576","page","type-page","status-publish","hentry"],"yoast_head":"<!-- This site is optimized with the Yoast SEO plugin v26.7 - https:\/\/yoast.com\/wordpress\/plugins\/seo\/ -->\n<title>All The Light In The Sky - Outsiders - FLAD<\/title>\n<meta name=\"description\" content=\"Directed by Joe Swanberg | Written by Jane Adams, Joe Swanberg | Cinematography by Joe Swanberg | Cast Jane Adams, Sophia Takal, Kent Osborne\" \/>\n<meta name=\"robots\" content=\"index, follow, max-snippet:-1, max-image-preview:large, max-video-preview:-1\" \/>\n<link rel=\"canonical\" href=\"https:\/\/www.flad.pt\/en\/outsiders-azores-22\/all-the-light-in-the-sky\/\" \/>\n<meta property=\"og:locale\" content=\"en_US\" \/>\n<meta property=\"og:type\" content=\"article\" \/>\n<meta property=\"og:title\" content=\"All The Light In The Sky - Outsiders - FLAD\" \/>\n<meta property=\"og:description\" content=\"Directed by Joe Swanberg | Written by Jane Adams, Joe Swanberg | Cinematography by Joe Swanberg | Cast Jane Adams, Sophia Takal, Kent Osborne\" \/>\n<meta property=\"og:url\" content=\"https:\/\/www.flad.pt\/en\/outsiders-azores-22\/all-the-light-in-the-sky\/\" \/>\n<meta property=\"og:site_name\" content=\"FLAD\" \/>\n<meta property=\"article:publisher\" content=\"https:\/\/www.facebook.com\/FundacaoLusoAmericana\" \/>\n<meta property=\"article:modified_time\" content=\"2024-03-18T14:35:45+00:00\" \/>\n<meta property=\"og:image\" content=\"https:\/\/www.flad.pt\/wp-content\/uploads\/2021\/11\/all-the-light-in-the-sky.jpg\" \/>\n\t<meta property=\"og:image:width\" content=\"1920\" \/>\n\t<meta property=\"og:image:height\" content=\"1280\" \/>\n\t<meta property=\"og:image:type\" content=\"image\/jpeg\" \/>\n<meta name=\"twitter:card\" content=\"summary_large_image\" \/>\n<meta name=\"twitter:title\" content=\"All The Light In The Sky - Outsiders - FLAD\" \/>\n<meta name=\"twitter:description\" content=\"Directed by Joe Swanberg | Written by Jane Adams, Joe Swanberg | Cinematography by Joe Swanberg | Cast Jane Adams, Sophia Takal, Kent Osborne\" \/>\n<meta name=\"twitter:image\" content=\"https:\/\/www.flad.pt\/wp-content\/uploads\/2021\/11\/all-the-light-in-the-sky.jpg\" \/>\n<meta name=\"twitter:site\" content=\"@FLAD_PT\" \/>\n<meta name=\"twitter:label1\" content=\"Est. reading time\" \/>\n\t<meta name=\"twitter:data1\" content=\"1 minute\" \/>\n<script type=\"application\/ld+json\" class=\"yoast-schema-graph\">{\"@context\":\"https:\/\/schema.org\",\"@graph\":[{\"@type\":\"WebPage\",\"@id\":\"https:\/\/www.flad.pt\/en\/outsiders-azores-22\/all-the-light-in-the-sky\/\",\"url\":\"https:\/\/www.flad.pt\/en\/outsiders-azores-22\/all-the-light-in-the-sky\/\",\"name\":\"All The Light In The Sky - Outsiders - FLAD\",\"isPartOf\":{\"@id\":\"https:\/\/www.flad.pt\/en\/#website\"},\"datePublished\":\"2021-11-16T19:17:31+00:00\",\"dateModified\":\"2024-03-18T14:35:45+00:00\",\"description\":\"Directed by Joe Swanberg | Written by Jane Adams, Joe Swanberg | Cinematography by Joe Swanberg | Cast Jane Adams, Sophia Takal, Kent Osborne\",\"breadcrumb\":{\"@id\":\"https:\/\/www.flad.pt\/en\/outsiders-azores-22\/all-the-light-in-the-sky\/#breadcrumb\"},\"inLanguage\":\"en-US\",\"potentialAction\":[{\"@type\":\"ReadAction\",\"target\":[\"https:\/\/www.flad.pt\/en\/outsiders-azores-22\/all-the-light-in-the-sky\/\"]}]},{\"@type\":\"BreadcrumbList\",\"@id\":\"https:\/\/www.flad.pt\/en\/outsiders-azores-22\/all-the-light-in-the-sky\/#breadcrumb\",\"itemListElement\":[{\"@type\":\"ListItem\",\"position\":1,\"name\":\"In\u00edcio\",\"item\":\"https:\/\/www.flad.pt\/en\/\"},{\"@type\":\"ListItem\",\"position\":2,\"name\":\"Outsiders \u2013 American Independent Cinema Azores 22\",\"item\":\"https:\/\/www.flad.pt\/en\/outsiders-azores-22\/\"},{\"@type\":\"ListItem\",\"position\":3,\"name\":\"All The Light In The Sky\"}]},{\"@type\":\"WebSite\",\"@id\":\"https:\/\/www.flad.pt\/en\/#website\",\"url\":\"https:\/\/www.flad.pt\/en\/\",\"name\":\"FLAD\",\"description\":\"Funda\u00e7\u00e3o Luso-Americana para o Desenvolvimento\",\"publisher\":{\"@id\":\"https:\/\/www.flad.pt\/en\/#organization\"},\"potentialAction\":[{\"@type\":\"SearchAction\",\"target\":{\"@type\":\"EntryPoint\",\"urlTemplate\":\"https:\/\/www.flad.pt\/en\/?s={search_term_string}\"},\"query-input\":{\"@type\":\"PropertyValueSpecification\",\"valueRequired\":true,\"valueName\":\"search_term_string\"}}],\"inLanguage\":\"en-US\"},{\"@type\":\"Organization\",\"@id\":\"https:\/\/www.flad.pt\/en\/#organization\",\"name\":\"FLAD\",\"url\":\"https:\/\/www.flad.pt\/en\/\",\"logo\":{\"@type\":\"ImageObject\",\"inLanguage\":\"en-US\",\"@id\":\"https:\/\/www.flad.pt\/en\/#\/schema\/logo\/image\/\",\"url\":\"https:\/\/www.flad.pt\/wp-content\/uploads\/2019\/11\/flad_vermelho.jpg\",\"contentUrl\":\"https:\/\/www.flad.pt\/wp-content\/uploads\/2019\/11\/flad_vermelho.jpg\",\"width\":1024,\"height\":1024,\"caption\":\"FLAD\"},\"image\":{\"@id\":\"https:\/\/www.flad.pt\/en\/#\/schema\/logo\/image\/\"},\"sameAs\":[\"https:\/\/www.facebook.com\/FundacaoLusoAmericana\",\"https:\/\/x.com\/FLAD_PT\",\"https:\/\/www.linkedin.com\/company\/fundacao-luso-americana-flad-\/\",\"https:\/\/www.youtube.com\/channel\/UCzy4add3qeIFfJB4bmC9Dog\"]}]}<\/script>\n<!-- \/ Yoast SEO plugin. -->","yoast_head_json":{"title":"All The Light In The Sky - Outsiders - FLAD","description":"Directed by Joe Swanberg | Written by Jane Adams, Joe Swanberg | Cinematography by Joe Swanberg | Cast Jane Adams, Sophia Takal, Kent Osborne","robots":{"index":"index","follow":"follow","max-snippet":"max-snippet:-1","max-image-preview":"max-image-preview:large","max-video-preview":"max-video-preview:-1"},"canonical":"https:\/\/www.flad.pt\/en\/outsiders-azores-22\/all-the-light-in-the-sky\/","og_locale":"en_US","og_type":"article","og_title":"All The Light In The Sky - Outsiders - FLAD","og_description":"Directed by Joe Swanberg | Written by Jane Adams, Joe Swanberg | Cinematography by Joe Swanberg | Cast Jane Adams, Sophia Takal, Kent Osborne","og_url":"https:\/\/www.flad.pt\/en\/outsiders-azores-22\/all-the-light-in-the-sky\/","og_site_name":"FLAD","article_publisher":"https:\/\/www.facebook.com\/FundacaoLusoAmericana","article_modified_time":"2024-03-18T14:35:45+00:00","og_image":[{"width":1920,"height":1280,"url":"https:\/\/www.flad.pt\/wp-content\/uploads\/2021\/11\/all-the-light-in-the-sky.jpg","type":"image\/jpeg"}],"twitter_card":"summary_large_image","twitter_title":"All The Light In The Sky - Outsiders - FLAD","twitter_description":"Directed by Joe Swanberg | Written by Jane Adams, Joe Swanberg | Cinematography by Joe Swanberg | Cast Jane Adams, Sophia Takal, Kent Osborne","twitter_image":"https:\/\/www.flad.pt\/wp-content\/uploads\/2021\/11\/all-the-light-in-the-sky.jpg","twitter_site":"@FLAD_PT","twitter_misc":{"Est. reading time":"1 minute"},"schema":{"@context":"https:\/\/schema.org","@graph":[{"@type":"WebPage","@id":"https:\/\/www.flad.pt\/en\/outsiders-azores-22\/all-the-light-in-the-sky\/","url":"https:\/\/www.flad.pt\/en\/outsiders-azores-22\/all-the-light-in-the-sky\/","name":"All The Light In The Sky - Outsiders - FLAD","isPartOf":{"@id":"https:\/\/www.flad.pt\/en\/#website"},"datePublished":"2021-11-16T19:17:31+00:00","dateModified":"2024-03-18T14:35:45+00:00","description":"Directed by Joe Swanberg | Written by Jane Adams, Joe Swanberg | Cinematography by Joe Swanberg | Cast Jane Adams, Sophia Takal, Kent Osborne","breadcrumb":{"@id":"https:\/\/www.flad.pt\/en\/outsiders-azores-22\/all-the-light-in-the-sky\/#breadcrumb"},"inLanguage":"en-US","potentialAction":[{"@type":"ReadAction","target":["https:\/\/www.flad.pt\/en\/outsiders-azores-22\/all-the-light-in-the-sky\/"]}]},{"@type":"BreadcrumbList","@id":"https:\/\/www.flad.pt\/en\/outsiders-azores-22\/all-the-light-in-the-sky\/#breadcrumb","itemListElement":[{"@type":"ListItem","position":1,"name":"In\u00edcio","item":"https:\/\/www.flad.pt\/en\/"},{"@type":"ListItem","position":2,"name":"Outsiders \u2013 American Independent Cinema Azores 22","item":"https:\/\/www.flad.pt\/en\/outsiders-azores-22\/"},{"@type":"ListItem","position":3,"name":"All The Light In The Sky"}]},{"@type":"WebSite","@id":"https:\/\/www.flad.pt\/en\/#website","url":"https:\/\/www.flad.pt\/en\/","name":"FLAD","description":"Funda\u00e7\u00e3o Luso-Americana para o Desenvolvimento","publisher":{"@id":"https:\/\/www.flad.pt\/en\/#organization"},"potentialAction":[{"@type":"SearchAction","target":{"@type":"EntryPoint","urlTemplate":"https:\/\/www.flad.pt\/en\/?s={search_term_string}"},"query-input":{"@type":"PropertyValueSpecification","valueRequired":true,"valueName":"search_term_string"}}],"inLanguage":"en-US"},{"@type":"Organization","@id":"https:\/\/www.flad.pt\/en\/#organization","name":"FLAD","url":"https:\/\/www.flad.pt\/en\/","logo":{"@type":"ImageObject","inLanguage":"en-US","@id":"https:\/\/www.flad.pt\/en\/#\/schema\/logo\/image\/","url":"https:\/\/www.flad.pt\/wp-content\/uploads\/2019\/11\/flad_vermelho.jpg","contentUrl":"https:\/\/www.flad.pt\/wp-content\/uploads\/2019\/11\/flad_vermelho.jpg","width":1024,"height":1024,"caption":"FLAD"},"image":{"@id":"https:\/\/www.flad.pt\/en\/#\/schema\/logo\/image\/"},"sameAs":["https:\/\/www.facebook.com\/FundacaoLusoAmericana","https:\/\/x.com\/FLAD_PT","https:\/\/www.linkedin.com\/company\/fundacao-luso-americana-flad-\/","https:\/\/www.youtube.com\/channel\/UCzy4add3qeIFfJB4bmC9Dog"]}]}},"_links":{"self":[{"href":"https:\/\/www.flad.pt\/en\/wp-json\/wp\/v2\/pages\/99576","targetHints":{"allow":["GET"]}}],"collection":[{"href":"https:\/\/www.flad.pt\/en\/wp-json\/wp\/v2\/pages"}],"about":[{"href":"https:\/\/www.flad.pt\/en\/wp-json\/wp\/v2\/types\/page"}],"author":[{"embeddable":true,"href":"https:\/\/www.flad.pt\/en\/wp-json\/wp\/v2\/users\/1"}],"replies":[{"embeddable":true,"href":"https:\/\/www.flad.pt\/en\/wp-json\/wp\/v2\/comments?post=99576"}],"version-history":[{"count":0,"href":"https:\/\/www.flad.pt\/en\/wp-json\/wp\/v2\/pages\/99576\/revisions"}],"up":[{"embeddable":true,"href":"https:\/\/www.flad.pt\/en\/wp-json\/wp\/v2\/pages\/100771"}],"wp:attachment":[{"href":"https:\/\/www.flad.pt\/en\/wp-json\/wp\/v2\/media?parent=99576"}],"curies":[{"name":"wp","href":"https:\/\/api.w.org\/{rel}","templated":true}]}}