{"id":97144,"date":"2020-12-09T09:57:01","date_gmt":"2020-12-09T09:57:01","guid":{"rendered":"https:\/\/www.flad.pt\/opportunities-flad\/"},"modified":"2021-07-06T17:41:23","modified_gmt":"2021-07-06T16:41:23","slug":"opportunities-flad-2","status":"publish","type":"page","link":"https:\/\/www.flad.pt\/en\/opportunities-flad-2\/","title":{"rendered":"Opportunities FLAD"},"content":{"rendered":"<div class=\"wpb-content-wrapper\"><p>[vc_row row_height_percent=&#8221;0&#8243; override_padding=&#8221;yes&#8221; h_padding=&#8221;2&#8243; top_padding=&#8221;3&#8243; bottom_padding=&#8221;3&#8243; overlay_alpha=&#8221;50&#8243; gutter_size=&#8221;4&#8243; column_width_percent=&#8221;100&#8243; shift_y=&#8221;0&#8243; z_index=&#8221;0&#8243;][vc_column column_width_percent=&#8221;100&#8243; position_vertical=&#8221;middle&#8221; overlay_alpha=&#8221;50&#8243; gutter_size=&#8221;3&#8243; medium_width=&#8221;0&#8243; mobile_width=&#8221;0&#8243; shift_x=&#8221;0&#8243; shift_y=&#8221;0&#8243; shift_y_down=&#8221;0&#8243; z_index=&#8221;0&#8243; width=&#8221;2\/3&#8243;][vc_custom_heading heading_semantic=&#8221;h1&#8243; text_space=&#8221;fontspace-781688&#8243; text_weight=&#8221;400&#8243;]Find out here all about FLAD\u2019s grants, awards, open calls and other forms of support in our four main areas of action \u2013 Science and Technology, Education, Art and Culture and Transatlantic Relations.[\/vc_custom_heading][vc_empty_space empty_h=&#8221;1&#8243;][vc_column_text text_lead=&#8221;yes&#8221;]Com estas oportunidades, a FLAD quer abrir caminho ao potencial cient\u00edfico, acad\u00e9mico e art\u00edstico Portugu\u00eas, fortalecer a presen\u00e7a de Portugal nos EUA, potenciar a mobilidade entre os dois pa\u00edses e aproximar pessoas e institui\u00e7\u00f5es dos dois lados do Atl\u00e2ntico.<\/p>\n<p>Trabalhamos todos os dias para continuar a romper barreiras, mostrar o que Portugal tem de melhor e premiar o m\u00e9rito, a inova\u00e7\u00e3o e a cria\u00e7\u00e3o de valor entre os Portugueses e Luso-Americanos, sempre em colabora\u00e7\u00e3o com os EUA.[\/vc_column_text][\/vc_column][vc_column column_width_percent=&#8221;100&#8243; position_vertical=&#8221;middle&#8221; back_color=&#8221;color-prif&#8221; overlay_alpha=&#8221;50&#8243; gutter_size=&#8221;3&#8243; medium_width=&#8221;0&#8243; mobile_width=&#8221;0&#8243; shift_x=&#8221;0&#8243; shift_y=&#8221;0&#8243; shift_y_down=&#8221;0&#8243; z_index=&#8221;0&#8243; width=&#8221;1\/3&#8243;][vc_custom_heading heading_semantic=&#8221;h3&#8243; text_height=&#8221;fontheight-357766&#8243;]<\/p>\n<h3 style=\"text-align: left;\" align=\"center\"><span lang=\"PT\">Se tem uma d\u00favida ou projeto que gostaria de apresentar entre em contacto com a FLAD.<\/span><\/h3>\n<p>[\/vc_custom_heading][vc_button button_color=&#8221;accent&#8221; text_skin=&#8221;yes&#8221; border_width=&#8221;0&#8243; link=&#8221;url:http%3A%2F%2Fwww.flad.pt%2Fcontacto-flad%2F|&#8221;]TALK TO US[\/vc_button][\/vc_column][\/vc_row][vc_row unlock_row_content=&#8221;yes&#8221; row_height_percent=&#8221;0&#8243; override_padding=&#8221;yes&#8221; h_padding=&#8221;0&#8243; top_padding=&#8221;2&#8243; bottom_padding=&#8221;2&#8243; back_color=&#8221;color-160507&#8243; overlay_alpha=&#8221;100&#8243; equal_height=&#8221;yes&#8221; gutter_size=&#8221;0&#8243; column_width_percent=&#8221;100&#8243; shift_y=&#8221;0&#8243; z_index=&#8221;0&#8243; style=&#8221;inherited&#8221; css=&#8221;.vc_custom_1607507583208{padding-top: 0px !important;}&#8221;][vc_column column_width_percent=&#8221;100&#8243; override_padding=&#8221;yes&#8221; column_padding=&#8221;3&#8243; overlay_alpha=&#8221;50&#8243; gutter_size=&#8221;3&#8243; medium_width=&#8221;0&#8243; mobile_width=&#8221;0&#8243; shift_x=&#8221;0&#8243; shift_y=&#8221;0&#8243; shift_y_down=&#8221;0&#8243; z_index=&#8221;0&#8243; width=&#8221;1\/1&#8243;][vc_custom_heading]Opportunities[\/vc_custom_heading][vc_empty_space empty_h=&#8221;2&#8243;][uncode_index el_id=&#8221;index-15588655905&#8243; isotope_mode=&#8221;fitRows&#8221; loop=&#8221;size:All|order_by:date|order:DESC|post_type:post|categories:764&#8243; gutter_size=&#8221;2&#8243; post_items=&#8221;media|featured|onpost|poster,title,text|excerpt&#8221; page_items=&#8221;title,media,text,category&#8221; product_items=&#8221;title,media,text,category,price&#8221; portfolio_items=&#8221;title,media,text,category&#8221; screen_lg=&#8221;1000&#8243; screen_md=&#8221;800&#8243; screen_sm=&#8221;700&#8243; single_width=&#8221;3&#8243; images_size=&#8221;four-three&#8221; single_back_color=&#8221;color-160507&#8243; single_shape=&#8221;round&#8221; radius=&#8221;xs&#8221; single_overlay_opacity=&#8221;50&#8243; single_text_visible=&#8221;yes&#8221; single_text_anim=&#8221;no&#8221; single_padding=&#8221;0&#8243; single_title_dimension=&#8221;h2&#8243; single_title_space=&#8221;fontspace-781688&#8243; single_border=&#8221;yes&#8221; single_css_animation=&#8221;bottom-t-top&#8221; single_animation_delay=&#8221;200&#8243; single_half_padding=&#8221;&#8221; single_title_bold=&#8221;yes&#8221; single_title_serif=&#8221;&#8221; single_title_divider=&#8221;&#8221; single_no_background=&#8221;&#8221; items=&#8221;e30=&#8221; footer_position=&#8221;left&#8221; carousel_rtl=&#8221;&#8221; single_icon=&#8221;fa fa-plus2&#8243; filtering_transform=&#8221;uppercase&#8221;][\/vc_column][\/vc_row]<\/p>\n<\/div>","protected":false},"excerpt":{"rendered":"<p>Create a classic grid layout with 70+ custom options.<\/p>\n","protected":false},"author":1,"featured_media":92680,"parent":0,"menu_order":0,"comment_status":"closed","ping_status":"closed","template":"","meta":{"footnotes":"","_links_to":"","_links_to_target":""},"class_list":["post-97144","page","type-page","status-publish","has-post-thumbnail","hentry"],"yoast_head":"<!-- This site is optimized with the Yoast SEO plugin v26.7 - https:\/\/yoast.com\/wordpress\/plugins\/seo\/ -->\n<title>Opportunities FLAD - FLAD<\/title>\n<meta name=\"robots\" content=\"index, follow, max-snippet:-1, max-image-preview:large, max-video-preview:-1\" \/>\n<link rel=\"canonical\" href=\"https:\/\/www.flad.pt\/en\/opportunities-flad-2\/\" \/>\n<meta property=\"og:locale\" content=\"en_US\" \/>\n<meta property=\"og:type\" content=\"article\" \/>\n<meta property=\"og:title\" content=\"Opportunities FLAD - FLAD\" \/>\n<meta property=\"og:description\" content=\"Create a classic grid layout with 70+ custom options.\" \/>\n<meta property=\"og:url\" content=\"https:\/\/www.flad.pt\/en\/opportunities-flad-2\/\" \/>\n<meta property=\"og:site_name\" content=\"FLAD\" \/>\n<meta property=\"article:publisher\" content=\"https:\/\/www.facebook.com\/FundacaoLusoAmericana\" \/>\n<meta property=\"article:modified_time\" content=\"2021-07-06T16:41:23+00:00\" \/>\n<meta property=\"og:image\" content=\"https:\/\/www.flad.pt\/wp-content\/uploads\/2020\/12\/iStock-1180187740_Easy-Resize.com_.jpg\" \/>\n<meta name=\"twitter:card\" content=\"summary_large_image\" \/>\n<meta name=\"twitter:image\" content=\"https:\/\/www.flad.pt\/wp-content\/uploads\/2020\/12\/iStock-1180187740_Easy-Resize.com_.jpg\" \/>\n<meta name=\"twitter:site\" content=\"@FLAD_PT\" \/>\n<meta name=\"twitter:label1\" content=\"Est. reading time\" \/>\n\t<meta name=\"twitter:data1\" content=\"3 minutes\" \/>\n<script type=\"application\/ld+json\" class=\"yoast-schema-graph\">{\"@context\":\"https:\/\/schema.org\",\"@graph\":[{\"@type\":\"WebPage\",\"@id\":\"https:\/\/www.flad.pt\/en\/opportunities-flad-2\/\",\"url\":\"https:\/\/www.flad.pt\/en\/opportunities-flad-2\/\",\"name\":\"Opportunities FLAD - FLAD\",\"isPartOf\":{\"@id\":\"https:\/\/www.flad.pt\/en\/#website\"},\"primaryImageOfPage\":{\"@id\":\"https:\/\/www.flad.pt\/en\/opportunities-flad-2\/#primaryimage\"},\"image\":{\"@id\":\"https:\/\/www.flad.pt\/en\/opportunities-flad-2\/#primaryimage\"},\"thumbnailUrl\":\"https:\/\/www.flad.pt\/wp-content\/uploads\/2020\/12\/iStock-1180187740_Easy-Resize.com_.jpg\",\"datePublished\":\"2020-12-09T09:57:01+00:00\",\"dateModified\":\"2021-07-06T16:41:23+00:00\",\"breadcrumb\":{\"@id\":\"https:\/\/www.flad.pt\/en\/opportunities-flad-2\/#breadcrumb\"},\"inLanguage\":\"en-US\",\"potentialAction\":[{\"@type\":\"ReadAction\",\"target\":[\"https:\/\/www.flad.pt\/en\/opportunities-flad-2\/\"]}]},{\"@type\":\"ImageObject\",\"inLanguage\":\"en-US\",\"@id\":\"https:\/\/www.flad.pt\/en\/opportunities-flad-2\/#primaryimage\",\"url\":\"https:\/\/www.flad.pt\/wp-content\/uploads\/2020\/12\/iStock-1180187740_Easy-Resize.com_.jpg\",\"contentUrl\":\"https:\/\/www.flad.pt\/wp-content\/uploads\/2020\/12\/iStock-1180187740_Easy-Resize.com_.jpg\",\"width\":1280,\"height\":871},{\"@type\":\"BreadcrumbList\",\"@id\":\"https:\/\/www.flad.pt\/en\/opportunities-flad-2\/#breadcrumb\",\"itemListElement\":[{\"@type\":\"ListItem\",\"position\":1,\"name\":\"In\u00edcio\",\"item\":\"https:\/\/www.flad.pt\/en\/\"},{\"@type\":\"ListItem\",\"position\":2,\"name\":\"Opportunities FLAD\"}]},{\"@type\":\"WebSite\",\"@id\":\"https:\/\/www.flad.pt\/en\/#website\",\"url\":\"https:\/\/www.flad.pt\/en\/\",\"name\":\"FLAD\",\"description\":\"Funda\u00e7\u00e3o Luso-Americana para o Desenvolvimento\",\"publisher\":{\"@id\":\"https:\/\/www.flad.pt\/en\/#organization\"},\"potentialAction\":[{\"@type\":\"SearchAction\",\"target\":{\"@type\":\"EntryPoint\",\"urlTemplate\":\"https:\/\/www.flad.pt\/en\/?s={search_term_string}\"},\"query-input\":{\"@type\":\"PropertyValueSpecification\",\"valueRequired\":true,\"valueName\":\"search_term_string\"}}],\"inLanguage\":\"en-US\"},{\"@type\":\"Organization\",\"@id\":\"https:\/\/www.flad.pt\/en\/#organization\",\"name\":\"FLAD\",\"url\":\"https:\/\/www.flad.pt\/en\/\",\"logo\":{\"@type\":\"ImageObject\",\"inLanguage\":\"en-US\",\"@id\":\"https:\/\/www.flad.pt\/en\/#\/schema\/logo\/image\/\",\"url\":\"https:\/\/www.flad.pt\/wp-content\/uploads\/2019\/11\/flad_vermelho.jpg\",\"contentUrl\":\"https:\/\/www.flad.pt\/wp-content\/uploads\/2019\/11\/flad_vermelho.jpg\",\"width\":1024,\"height\":1024,\"caption\":\"FLAD\"},\"image\":{\"@id\":\"https:\/\/www.flad.pt\/en\/#\/schema\/logo\/image\/\"},\"sameAs\":[\"https:\/\/www.facebook.com\/FundacaoLusoAmericana\",\"https:\/\/x.com\/FLAD_PT\",\"https:\/\/www.linkedin.com\/company\/fundacao-luso-americana-flad-\/\",\"https:\/\/www.youtube.com\/channel\/UCzy4add3qeIFfJB4bmC9Dog\"]}]}<\/script>\n<!-- \/ Yoast SEO plugin. -->","yoast_head_json":{"title":"Opportunities FLAD - FLAD","robots":{"index":"index","follow":"follow","max-snippet":"max-snippet:-1","max-image-preview":"max-image-preview:large","max-video-preview":"max-video-preview:-1"},"canonical":"https:\/\/www.flad.pt\/en\/opportunities-flad-2\/","og_locale":"en_US","og_type":"article","og_title":"Opportunities FLAD - FLAD","og_description":"Create a classic grid layout with 70+ custom options.","og_url":"https:\/\/www.flad.pt\/en\/opportunities-flad-2\/","og_site_name":"FLAD","article_publisher":"https:\/\/www.facebook.com\/FundacaoLusoAmericana","article_modified_time":"2021-07-06T16:41:23+00:00","og_image":[{"url":"https:\/\/www.flad.pt\/wp-content\/uploads\/2020\/12\/iStock-1180187740_Easy-Resize.com_.jpg","type":"","width":"","height":""}],"twitter_card":"summary_large_image","twitter_image":"https:\/\/www.flad.pt\/wp-content\/uploads\/2020\/12\/iStock-1180187740_Easy-Resize.com_.jpg","twitter_site":"@FLAD_PT","twitter_misc":{"Est. reading time":"3 minutes"},"schema":{"@context":"https:\/\/schema.org","@graph":[{"@type":"WebPage","@id":"https:\/\/www.flad.pt\/en\/opportunities-flad-2\/","url":"https:\/\/www.flad.pt\/en\/opportunities-flad-2\/","name":"Opportunities FLAD - FLAD","isPartOf":{"@id":"https:\/\/www.flad.pt\/en\/#website"},"primaryImageOfPage":{"@id":"https:\/\/www.flad.pt\/en\/opportunities-flad-2\/#primaryimage"},"image":{"@id":"https:\/\/www.flad.pt\/en\/opportunities-flad-2\/#primaryimage"},"thumbnailUrl":"https:\/\/www.flad.pt\/wp-content\/uploads\/2020\/12\/iStock-1180187740_Easy-Resize.com_.jpg","datePublished":"2020-12-09T09:57:01+00:00","dateModified":"2021-07-06T16:41:23+00:00","breadcrumb":{"@id":"https:\/\/www.flad.pt\/en\/opportunities-flad-2\/#breadcrumb"},"inLanguage":"en-US","potentialAction":[{"@type":"ReadAction","target":["https:\/\/www.flad.pt\/en\/opportunities-flad-2\/"]}]},{"@type":"ImageObject","inLanguage":"en-US","@id":"https:\/\/www.flad.pt\/en\/opportunities-flad-2\/#primaryimage","url":"https:\/\/www.flad.pt\/wp-content\/uploads\/2020\/12\/iStock-1180187740_Easy-Resize.com_.jpg","contentUrl":"https:\/\/www.flad.pt\/wp-content\/uploads\/2020\/12\/iStock-1180187740_Easy-Resize.com_.jpg","width":1280,"height":871},{"@type":"BreadcrumbList","@id":"https:\/\/www.flad.pt\/en\/opportunities-flad-2\/#breadcrumb","itemListElement":[{"@type":"ListItem","position":1,"name":"In\u00edcio","item":"https:\/\/www.flad.pt\/en\/"},{"@type":"ListItem","position":2,"name":"Opportunities FLAD"}]},{"@type":"WebSite","@id":"https:\/\/www.flad.pt\/en\/#website","url":"https:\/\/www.flad.pt\/en\/","name":"FLAD","description":"Funda\u00e7\u00e3o Luso-Americana para o Desenvolvimento","publisher":{"@id":"https:\/\/www.flad.pt\/en\/#organization"},"potentialAction":[{"@type":"SearchAction","target":{"@type":"EntryPoint","urlTemplate":"https:\/\/www.flad.pt\/en\/?s={search_term_string}"},"query-input":{"@type":"PropertyValueSpecification","valueRequired":true,"valueName":"search_term_string"}}],"inLanguage":"en-US"},{"@type":"Organization","@id":"https:\/\/www.flad.pt\/en\/#organization","name":"FLAD","url":"https:\/\/www.flad.pt\/en\/","logo":{"@type":"ImageObject","inLanguage":"en-US","@id":"https:\/\/www.flad.pt\/en\/#\/schema\/logo\/image\/","url":"https:\/\/www.flad.pt\/wp-content\/uploads\/2019\/11\/flad_vermelho.jpg","contentUrl":"https:\/\/www.flad.pt\/wp-content\/uploads\/2019\/11\/flad_vermelho.jpg","width":1024,"height":1024,"caption":"FLAD"},"image":{"@id":"https:\/\/www.flad.pt\/en\/#\/schema\/logo\/image\/"},"sameAs":["https:\/\/www.facebook.com\/FundacaoLusoAmericana","https:\/\/x.com\/FLAD_PT","https:\/\/www.linkedin.com\/company\/fundacao-luso-americana-flad-\/","https:\/\/www.youtube.com\/channel\/UCzy4add3qeIFfJB4bmC9Dog"]}]}},"_links":{"self":[{"href":"https:\/\/www.flad.pt\/en\/wp-json\/wp\/v2\/pages\/97144","targetHints":{"allow":["GET"]}}],"collection":[{"href":"https:\/\/www.flad.pt\/en\/wp-json\/wp\/v2\/pages"}],"about":[{"href":"https:\/\/www.flad.pt\/en\/wp-json\/wp\/v2\/types\/page"}],"author":[{"embeddable":true,"href":"https:\/\/www.flad.pt\/en\/wp-json\/wp\/v2\/users\/1"}],"replies":[{"embeddable":true,"href":"https:\/\/www.flad.pt\/en\/wp-json\/wp\/v2\/comments?post=97144"}],"version-history":[{"count":0,"href":"https:\/\/www.flad.pt\/en\/wp-json\/wp\/v2\/pages\/97144\/revisions"}],"wp:featuredmedia":[{"embeddable":true,"href":"https:\/\/www.flad.pt\/en\/wp-json\/wp\/v2\/media\/92680"}],"wp:attachment":[{"href":"https:\/\/www.flad.pt\/en\/wp-json\/wp\/v2\/media?parent=97144"}],"curies":[{"name":"wp","href":"https:\/\/api.w.org\/{rel}","templated":true}]}}