{"id":84118,"date":"2020-01-28T23:52:13","date_gmt":"2020-01-28T23:52:13","guid":{"rendered":"https:\/\/www.flad.pt\/?page_id=84118"},"modified":"2026-03-18T15:15:20","modified_gmt":"2026-03-18T15:15:20","slug":"about-flad","status":"publish","type":"page","link":"https:\/\/www.flad.pt\/en\/about-flad\/","title":{"rendered":"About FLAD"},"content":{"rendered":"<div class=\"wpb-content-wrapper\"><p>[vc_row row_height_percent=&#8221;0&#8243; override_padding=&#8221;yes&#8221; h_padding=&#8221;2&#8243; top_padding=&#8221;5&#8243; bottom_padding=&#8221;5&#8243; overlay_alpha=&#8221;100&#8243; gutter_size=&#8221;100&#8243; shift_y=&#8221;0&#8243; style=&#8221;inherited&#8221;][vc_column column_width_use_pixel=&#8221;yes&#8221; align_horizontal=&#8221;align_center&#8221; gutter_size=&#8221;4&#8243; font_family=&#8221;font-134980&#8243; overlay_alpha=&#8221;100&#8243; shift_x=&#8221;0&#8243; shift_y=&#8221;0&#8243; medium_width=&#8221;0&#8243; zoom_width=&#8221;0&#8243; zoom_height=&#8221;0&#8243; width=&#8221;1\/1&#8243;][vc_tabs][vc_tab title=&#8221;Mission&#8221; tab_id=&#8221;1573751042844-3-2&#8243;][vc_column_text uncode_shortcode_id=&#8221;204540&#8243;]<\/p>\n<p style=\"text-align: left;\">Todos os dias trabalhamos para promover o desenvolvimento de Portugal atrav\u00e9s da coopera\u00e7\u00e3o bilateral com os Estados Unidos da Am\u00e9rica. E, \u00e9 assumindo sempre esta miss\u00e3o que a FLAD se constitui <strong>como uma ponte entre os dois pa\u00edses, um recurso de excel\u00eancia\u00a0junto dos que procuram e oferecem oportunidades<\/strong> <strong>nos EUA<\/strong>, em diferentes \u00e1reas.<\/p>\n<p style=\"text-align: left;\">Queremos que a FLAD esteja envolvida em projetos de valor incontest\u00e1vel e seja reconhecida como <strong>uma institui\u00e7\u00e3o acess\u00edvel, humana e moderna<\/strong>, que premeia <strong>o m\u00e9rito e a cria\u00e7\u00e3o de valor<\/strong>.<\/p>\n<p style=\"text-align: left;\">Com foco em quatro grandes \u00e1reas &#8211; Ci\u00eancia e Tecnologia, Educa\u00e7\u00e3o, Arte e Cultura e Rela\u00e7\u00f5es Transatl\u00e2nticas -, a FLAD quer abrir caminho ao potencial cient\u00edfico, acad\u00e9mico e art\u00edstico portugu\u00eas, fortalecer as comunidades luso-americanas e aproximar pessoas e institui\u00e7\u00f5es entre os dois lados do Atl\u00e2ntico.<\/p>\n<p style=\"text-align: left;\">E, claro, al\u00e9m das nossas bolsas, programas e concursos regulares, \u00e9 muito importante para n\u00f3s contar com as vossas ideias e projetos, enquadrados nesta rela\u00e7\u00e3o promissora entre Portugal e os Estados Unidos da Am\u00e9rica, em que os A\u00e7ores t\u00eam um papel especial.<\/p>\n<p style=\"text-align: left;\">Junte-se a n\u00f3s!<\/p>\n<p>[\/vc_column_text][\/vc_tab][vc_tab gutter_size=&#8221;2&#8243; column_padding=&#8221;2&#8243; title=&#8221;40 anos de hist\u00f3ria&#8221; tab_id=&#8221;1573751091285-3-4&#8243;][vc_column_text]<\/p>\n<p style=\"text-align: left;\">A FLAD \u00e9, na pr\u00e1tica, o resultado da forte rela\u00e7\u00e3o entre Portugal e os Estados Unidos da Am\u00e9rica.<\/p>\n<p style=\"text-align: left;\">Aliados de longa data, <strong>os dois pa\u00edses mant\u00eam h\u00e1 muito uma rela\u00e7\u00e3o pr\u00f3xima<\/strong>, que ganhou intensidade ap\u00f3s a II Guerra Mundial: com a ades\u00e3o de Portugal ao Plano Marshall em 1948, e a participa\u00e7\u00e3o na funda\u00e7\u00e3o da NATO, em 1949, juntamente com o amplo programa de ajuda econ\u00f3mica concedido a Portugal para a consolida\u00e7\u00e3o democr\u00e1tica, ap\u00f3s o 25 de abril de 1974.<\/p>\n<p style=\"text-align: left;\">Mas um dos momentos mais marcantes para o in\u00edcio da FLAD foi o Acordo de Coopera\u00e7\u00e3o e Defesa entre Portugal e os Estados Unidos da Am\u00e9rica, em 1983. Nele, o governo portugu\u00eas aceitou as facilidades militares pretendidas pelo governo norte-americano, como <strong>a continua\u00e7\u00e3o da perman\u00eancia norte-americana na base das Lajes, at\u00e9 1991<\/strong>. Em contrapartida, os EUA concordaram em conceder um conjunto de apoios (militar, econ\u00f3mico e energ\u00e9tico), entre os quais estava a cria\u00e7\u00e3o da Funda\u00e7\u00e3o Luso-Americana para o Desenvolvimento.<\/p>\n<p style=\"text-align: left;\">A formaliza\u00e7\u00e3o da cria\u00e7\u00e3o da FLAD deu-se a 20 de Maio de 1985, com a aprova\u00e7\u00e3o do decreto-lei n\u00ba. 168\/85. A Funda\u00e7\u00e3o Luso-Americana para o Desenvolvimento constituiu-se assim como <strong>uma institui\u00e7\u00e3o portuguesa, financeiramente aut\u00f3noma e privada, destinada a contribuir para o desenvolvimento nacional,<\/strong> atrav\u00e9s da promo\u00e7\u00e3o da coopera\u00e7\u00e3o cient\u00edfica, t\u00e9cnica, cultural, educativa, comercial e empresarial, entre os dois pa\u00edses.<\/p>\n<p style=\"text-align: left;\">Nessa data, a FLAD foi dotada com um capital de 85 milh\u00f5es de euros. A gest\u00e3o deste endowment permite o exerc\u00edcio aut\u00f3nomo da miss\u00e3o da FLAD, para o qual tamb\u00e9m contribuem outras receitas decorrentes das atividades estatut\u00e1rias.<\/p>\n<p style=\"text-align: left;\">Membro das principais redes nacionais e internacionais de funda\u00e7\u00f5es (o Centro Portugu\u00eas de Funda\u00e7\u00f5es (CPF), o Centro Europeu de Funda\u00e7\u00f5es (EFC), <strong>a FLAD \u00e9 reconhecida como uma das mais importantes funda\u00e7\u00f5es portuguesas. <\/strong>H\u00e1 36 anos que abre as portas dos Estados Unidos, desenvolvendo Portugal, os portugueses e os luso-descendentes, em parceria com institui\u00e7\u00f5es de refer\u00eancia, apoiando a concretiza\u00e7\u00e3o de projetos de valor reconhecido.<\/p>\n<p>[\/vc_column_text][\/vc_tab][\/vc_tabs][\/vc_column][\/vc_row][vc_row row_height_percent=&#8221;0&#8243; override_padding=&#8221;yes&#8221; h_padding=&#8221;2&#8243; top_padding=&#8221;5&#8243; bottom_padding=&#8221;5&#8243; back_color=&#8221;accent&#8221; overlay_alpha=&#8221;90&#8243; gutter_size=&#8221;100&#8243; column_width_percent=&#8221;100&#8243; shift_y=&#8221;0&#8243; z_index=&#8221;0&#8243; style=&#8221;inherited&#8221;][vc_column column_width_percent=&#8221;100&#8243; align_horizontal=&#8221;align_center&#8221; gutter_size=&#8221;4&#8243; style=&#8221;dark&#8221; overlay_alpha=&#8221;100&#8243; shift_x=&#8221;0&#8243; shift_y=&#8221;0&#8243; shift_y_down=&#8221;0&#8243; z_index=&#8221;0&#8243; medium_width=&#8221;0&#8243; mobile_width=&#8221;0&#8243; zoom_width=&#8221;0&#8243; zoom_height=&#8221;0&#8243; width=&#8221;1\/1&#8243; uncode_shortcode_id=&#8221;966768&#8243;][vc_row_inner row_inner_height_percent=&#8221;0&#8243; overlay_alpha=&#8221;50&#8243; gutter_size=&#8221;3&#8243; shift_y=&#8221;0&#8243; z_index=&#8221;0&#8243; uncode_shortcode_id=&#8221;122669&#8243; limit_content=&#8221;&#8221;][vc_column_inner column_width_percent=&#8221;100&#8243; align_horizontal=&#8221;align_center&#8221; gutter_size=&#8221;3&#8243; style=&#8221;dark&#8221; overlay_alpha=&#8221;50&#8243; shift_x=&#8221;0&#8243; shift_y=&#8221;0&#8243; shift_y_down=&#8221;0&#8243; z_index=&#8221;0&#8243; medium_width=&#8221;0&#8243; mobile_width=&#8221;0&#8243; width=&#8221;1\/6&#8243; uncode_shortcode_id=&#8221;104659&#8243;][vc_icon icon=&#8221;fa fa-file-text&#8221; size=&#8221;fa-3x&#8221; text_font=&#8221;font-127519&#8243; text_size=&#8221;h4&#8243; linked_title=&#8221;yes&#8221; text_reduced=&#8221;yes&#8221; align=&#8221;left&#8221; title=&#8221;Relat\u00f3rios de atividades e contas&#8221; link=&#8221;url:http%3A%2F%2Fwww.flad.pt%2Frelatorios-de-atividades-e-contas%2F|title:Relat%C3%B3rios%20de%20Atividades%20e%20Contas|&#8221; el_class=&#8221;color-transparent&#8221; uncode_shortcode_id=&#8221;178333&#8243;][\/vc_icon][\/vc_column_inner][vc_column_inner column_width_percent=&#8221;100&#8243; align_horizontal=&#8221;align_center&#8221; gutter_size=&#8221;3&#8243; style=&#8221;dark&#8221; overlay_alpha=&#8221;50&#8243; shift_x=&#8221;0&#8243; shift_y=&#8221;0&#8243; shift_y_down=&#8221;0&#8243; z_index=&#8221;0&#8243; medium_width=&#8221;0&#8243; mobile_width=&#8221;0&#8243; width=&#8221;1\/6&#8243; uncode_shortcode_id=&#8221;173656&#8243;][vc_icon icon=&#8221;fa fa-group&#8221; size=&#8221;fa-3x&#8221; text_font=&#8221;font-127519&#8243; text_size=&#8221;h4&#8243; linked_title=&#8221;yes&#8221; text_reduced=&#8221;yes&#8221; align=&#8221;left&#8221; title=&#8221;Estatutos&#8221; link=&#8221;url:http%3A%2F%2Fwww.flad.pt%2Festatutos%2F|title:Estatutos|&#8221; el_class=&#8221;color-transparent&#8221;][\/vc_icon][\/vc_column_inner][vc_column_inner column_width_percent=&#8221;100&#8243; align_horizontal=&#8221;align_center&#8221; gutter_size=&#8221;3&#8243; style=&#8221;dark&#8221; overlay_alpha=&#8221;50&#8243; shift_x=&#8221;0&#8243; shift_y=&#8221;0&#8243; shift_y_down=&#8221;0&#8243; z_index=&#8221;0&#8243; medium_width=&#8221;0&#8243; mobile_width=&#8221;0&#8243; width=&#8221;1\/6&#8243; uncode_shortcode_id=&#8221;106850&#8243;][vc_icon icon=&#8221;fa fa-book&#8221; size=&#8221;fa-3x&#8221; text_font=&#8221;font-127519&#8243; text_size=&#8221;h4&#8243; linked_title=&#8221;yes&#8221; text_reduced=&#8221;yes&#8221; align=&#8221;left&#8221; title=&#8221;Elementos Constitui\u00e7\u00e3o&#8221; link=&#8221;url:http%3A%2F%2Fwww.flad.pt%2Fconstituicao-flad|title:Estatutos|&#8221; el_class=&#8221;color-transparent&#8221; uncode_shortcode_id=&#8221;191294&#8243;][\/vc_icon][\/vc_column_inner][vc_column_inner column_width_percent=&#8221;100&#8243; align_horizontal=&#8221;align_center&#8221; gutter_size=&#8221;3&#8243; style=&#8221;dark&#8221; overlay_alpha=&#8221;50&#8243; shift_x=&#8221;0&#8243; shift_y=&#8221;0&#8243; shift_y_down=&#8221;0&#8243; z_index=&#8221;0&#8243; medium_width=&#8221;0&#8243; mobile_width=&#8221;0&#8243; width=&#8221;1\/6&#8243; uncode_shortcode_id=&#8221;354563&#8243;][vc_icon icon=&#8221;fa fa-cogs&#8221; size=&#8221;fa-3x&#8221; text_font=&#8221;font-127519&#8243; text_size=&#8221;h4&#8243; linked_title=&#8221;yes&#8221; text_reduced=&#8221;yes&#8221; align=&#8221;left&#8221; title=&#8221;\u00d3rg\u00e3os Sociais&#8221; link=&#8221;url:http%3A%2F%2Fwww.flad.pt%2Forgaos-sociais%2F|title:Org%C3%A3os%20Sociais|&#8221; el_class=&#8221;color-transparent&#8221;][\/vc_icon][\/vc_column_inner][vc_column_inner column_width_percent=&#8221;100&#8243; align_horizontal=&#8221;align_center&#8221; gutter_size=&#8221;3&#8243; style=&#8221;dark&#8221; overlay_alpha=&#8221;50&#8243; shift_x=&#8221;0&#8243; shift_y=&#8221;0&#8243; shift_y_down=&#8221;0&#8243; z_index=&#8221;0&#8243; medium_width=&#8221;0&#8243; mobile_width=&#8221;0&#8243; width=&#8221;1\/6&#8243; uncode_shortcode_id=&#8221;696760&#8243;][vc_icon icon=&#8221;fa fa-list-ul&#8221; size=&#8221;fa-3x&#8221; text_font=&#8221;font-127519&#8243; text_size=&#8221;h4&#8243; linked_title=&#8221;yes&#8221; text_reduced=&#8221;yes&#8221; align=&#8221;left&#8221; title=&#8221;Pol\u00edticas Internas e Regulamentos&#8221; link=&#8221;url:https%3A%2F%2Fwww.flad.pt%2Fwp-content%2Fuploads%2F2025%2F09%2FCodigo-de-Boa-Conduta-para-a-Prevencao-e-Combate-ao-Assedio-no-Trabalho-2025.pdf|title:Org%C3%A3os%20Sociais|target:_blank|&#8221; el_class=&#8221;color-transparent&#8221; uncode_shortcode_id=&#8221;456179&#8243;][\/vc_icon][\/vc_column_inner][vc_column_inner width=&#8221;1\/6&#8243;][\/vc_column_inner][\/vc_row_inner][\/vc_column][\/vc_row][vc_row row_height_percent=&#8221;0&#8243; override_padding=&#8221;yes&#8221; h_padding=&#8221;2&#8243; top_padding=&#8221;5&#8243; bottom_padding=&#8221;5&#8243; back_color=&#8221;color-prif&#8221; overlay_alpha=&#8221;90&#8243; gutter_size=&#8221;100&#8243; column_width_percent=&#8221;100&#8243; shift_y=&#8221;0&#8243; z_index=&#8221;0&#8243; style=&#8221;inherited&#8221;][vc_column column_width_percent=&#8221;100&#8243; position_horizontal=&#8221;left&#8221; align_horizontal=&#8221;align_center&#8221; gutter_size=&#8221;4&#8243; overlay_alpha=&#8221;100&#8243; shift_x=&#8221;0&#8243; shift_y=&#8221;0&#8243; z_index=&#8221;0&#8243; medium_width=&#8221;0&#8243; mobile_width=&#8221;0&#8243; zoom_width=&#8221;0&#8243; zoom_height=&#8221;0&#8243; width=&#8221;1\/1&#8243;][vc_row_inner row_inner_height_percent=&#8221;0&#8243; overlay_alpha=&#8221;100&#8243; gutter_size=&#8221;4&#8243; shift_y=&#8221;0&#8243; limit_content=&#8221;&#8221;][vc_column_inner column_width_percent=&#8221;100&#8243; align_horizontal=&#8221;align_center&#8221; gutter_size=&#8221;3&#8243; style=&#8221;light&#8221; overlay_alpha=&#8221;100&#8243; shift_x=&#8221;0&#8243; shift_y=&#8221;0&#8243; shift_y_down=&#8221;0&#8243; z_index=&#8221;0&#8243; medium_width=&#8221;3&#8243; mobile_width=&#8221;0&#8243; zoom_width=&#8221;0&#8243; zoom_height=&#8221;0&#8243; width=&#8221;1\/2&#8243;][vc_icon icon=&#8221;fa fa-download4&#8243; size=&#8221;fa-3x&#8221; text_font=&#8221;font-127519&#8243; text_size=&#8221;h4&#8243; linked_title=&#8221;yes&#8221; text_reduced=&#8221;yes&#8221; align=&#8221;left&#8221; title=&#8221;Manual de Normas&#8221; link=&#8221;url:https%3A%2F%2Fwww.flad.pt%2Fwp-content%2Fuploads%2F2025%2F12%2FFLAD_MNormas_web.pdf|title:Manual%20de%20Normas|target:_blank|&#8221; uncode_shortcode_id=&#8221;127362&#8243;][\/vc_icon][\/vc_column_inner][vc_column_inner column_width_percent=&#8221;100&#8243; align_horizontal=&#8221;align_center&#8221; gutter_size=&#8221;3&#8243; style=&#8221;light&#8221; overlay_alpha=&#8221;100&#8243; shift_x=&#8221;0&#8243; shift_y=&#8221;0&#8243; shift_y_down=&#8221;0&#8243; z_index=&#8221;0&#8243; medium_width=&#8221;3&#8243; mobile_width=&#8221;0&#8243; zoom_width=&#8221;0&#8243; zoom_height=&#8221;0&#8243; width=&#8221;1\/2&#8243;][vc_icon icon=&#8221;fa fa-download4&#8243; size=&#8221;fa-3x&#8221; text_font=&#8221;font-127519&#8243; text_size=&#8221;h4&#8243; linked_title=&#8221;yes&#8221; text_reduced=&#8221;yes&#8221; align=&#8221;left&#8221; title=&#8221;Materiais Gr\u00e1ficos&#8221; link=&#8221;url:https%3A%2F%2Fwww.flad.pt%2Fwp-content%2Fuploads%2F2025%2F12%2FLOGO-NOVO-2024.zip|title:Materiais%20Gr%C3%A1ficos|target:_blank|&#8221; uncode_shortcode_id=&#8221;188613&#8243;][\/vc_icon][\/vc_column_inner][\/vc_row_inner][\/vc_column][\/vc_row]<\/p>\n<\/div>","protected":false},"excerpt":{"rendered":"<p>[vc_row row_height_percent=&#8221;0&#8243; override_padding=&#8221;yes&#8221; h_padding=&#8221;2&#8243; top_padding=&#8221;5&#8243; bottom_padding=&#8221;5&#8243; overlay_alpha=&#8221;100&#8243; gutter_size=&#8221;100&#8243; shift_y=&#8221;0&#8243; style=&#8221;inherited&#8221;][vc_column column_width_use_pixel=&#8221;yes&#8221; align_horizontal=&#8221;align_center&#8221; gutter_size=&#8221;4&#8243; font_family=&#8221;font-134980&#8243; overlay_alpha=&#8221;100&#8243; shift_x=&#8221;0&#8243; shift_y=&#8221;0&#8243; medium_width=&#8221;0&#8243; zoom_width=&#8221;0&#8243; zoom_height=&#8221;0&#8243; [&hellip;]<\/p>\n","protected":false},"author":1,"featured_media":0,"parent":0,"menu_order":0,"comment_status":"open","ping_status":"closed","template":"","meta":{"footnotes":"","_links_to":"","_links_to_target":""},"class_list":["post-84118","page","type-page","status-publish","hentry"],"yoast_head":"<!-- This site is optimized with the Yoast SEO plugin v26.7 - https:\/\/yoast.com\/wordpress\/plugins\/seo\/ -->\n<title>About FLAD - FLAD<\/title>\n<meta name=\"robots\" content=\"index, follow, max-snippet:-1, max-image-preview:large, max-video-preview:-1\" \/>\n<link rel=\"canonical\" href=\"https:\/\/www.flad.pt\/en\/about-flad\/\" \/>\n<meta property=\"og:locale\" content=\"en_US\" \/>\n<meta property=\"og:type\" content=\"article\" \/>\n<meta property=\"og:title\" content=\"About FLAD - FLAD\" \/>\n<meta property=\"og:description\" content=\"[vc_row row_height_percent=&#8221;0&#8243; override_padding=&#8221;yes&#8221; h_padding=&#8221;2&#8243; top_padding=&#8221;5&#8243; bottom_padding=&#8221;5&#8243; overlay_alpha=&#8221;100&#8243; gutter_size=&#8221;100&#8243; shift_y=&#8221;0&#8243; style=&#8221;inherited&#8221;][vc_column column_width_use_pixel=&#8221;yes&#8221; align_horizontal=&#8221;align_center&#8221; gutter_size=&#8221;4&#8243; font_family=&#8221;font-134980&#8243; overlay_alpha=&#8221;100&#8243; shift_x=&#8221;0&#8243; shift_y=&#8221;0&#8243; medium_width=&#8221;0&#8243; zoom_width=&#8221;0&#8243; zoom_height=&#8221;0&#8243; [&hellip;]\" \/>\n<meta property=\"og:url\" content=\"https:\/\/www.flad.pt\/en\/about-flad\/\" \/>\n<meta property=\"og:site_name\" content=\"FLAD\" \/>\n<meta property=\"article:publisher\" content=\"https:\/\/www.facebook.com\/FundacaoLusoAmericana\" \/>\n<meta property=\"article:modified_time\" content=\"2026-03-18T15:15:20+00:00\" \/>\n<meta name=\"twitter:card\" content=\"summary_large_image\" \/>\n<meta name=\"twitter:site\" content=\"@FLAD_PT\" \/>\n<meta name=\"twitter:label1\" content=\"Est. reading time\" \/>\n\t<meta name=\"twitter:data1\" content=\"4 minutes\" \/>\n<script type=\"application\/ld+json\" class=\"yoast-schema-graph\">{\"@context\":\"https:\/\/schema.org\",\"@graph\":[{\"@type\":\"WebPage\",\"@id\":\"https:\/\/www.flad.pt\/en\/about-flad\/\",\"url\":\"https:\/\/www.flad.pt\/en\/about-flad\/\",\"name\":\"About FLAD - FLAD\",\"isPartOf\":{\"@id\":\"https:\/\/www.flad.pt\/en\/#website\"},\"datePublished\":\"2020-01-28T23:52:13+00:00\",\"dateModified\":\"2026-03-18T15:15:20+00:00\",\"breadcrumb\":{\"@id\":\"https:\/\/www.flad.pt\/en\/about-flad\/#breadcrumb\"},\"inLanguage\":\"en-US\",\"potentialAction\":[{\"@type\":\"ReadAction\",\"target\":[\"https:\/\/www.flad.pt\/en\/about-flad\/\"]}]},{\"@type\":\"BreadcrumbList\",\"@id\":\"https:\/\/www.flad.pt\/en\/about-flad\/#breadcrumb\",\"itemListElement\":[{\"@type\":\"ListItem\",\"position\":1,\"name\":\"In\u00edcio\",\"item\":\"https:\/\/www.flad.pt\/en\/\"},{\"@type\":\"ListItem\",\"position\":2,\"name\":\"About FLAD\"}]},{\"@type\":\"WebSite\",\"@id\":\"https:\/\/www.flad.pt\/en\/#website\",\"url\":\"https:\/\/www.flad.pt\/en\/\",\"name\":\"FLAD\",\"description\":\"Funda\u00e7\u00e3o Luso-Americana para o Desenvolvimento\",\"publisher\":{\"@id\":\"https:\/\/www.flad.pt\/en\/#organization\"},\"potentialAction\":[{\"@type\":\"SearchAction\",\"target\":{\"@type\":\"EntryPoint\",\"urlTemplate\":\"https:\/\/www.flad.pt\/en\/?s={search_term_string}\"},\"query-input\":{\"@type\":\"PropertyValueSpecification\",\"valueRequired\":true,\"valueName\":\"search_term_string\"}}],\"inLanguage\":\"en-US\"},{\"@type\":\"Organization\",\"@id\":\"https:\/\/www.flad.pt\/en\/#organization\",\"name\":\"FLAD\",\"url\":\"https:\/\/www.flad.pt\/en\/\",\"logo\":{\"@type\":\"ImageObject\",\"inLanguage\":\"en-US\",\"@id\":\"https:\/\/www.flad.pt\/en\/#\/schema\/logo\/image\/\",\"url\":\"https:\/\/www.flad.pt\/wp-content\/uploads\/2019\/11\/flad_vermelho.jpg\",\"contentUrl\":\"https:\/\/www.flad.pt\/wp-content\/uploads\/2019\/11\/flad_vermelho.jpg\",\"width\":1024,\"height\":1024,\"caption\":\"FLAD\"},\"image\":{\"@id\":\"https:\/\/www.flad.pt\/en\/#\/schema\/logo\/image\/\"},\"sameAs\":[\"https:\/\/www.facebook.com\/FundacaoLusoAmericana\",\"https:\/\/x.com\/FLAD_PT\",\"https:\/\/www.linkedin.com\/company\/fundacao-luso-americana-flad-\/\",\"https:\/\/www.youtube.com\/channel\/UCzy4add3qeIFfJB4bmC9Dog\"]}]}<\/script>\n<!-- \/ Yoast SEO plugin. -->","yoast_head_json":{"title":"About FLAD - FLAD","robots":{"index":"index","follow":"follow","max-snippet":"max-snippet:-1","max-image-preview":"max-image-preview:large","max-video-preview":"max-video-preview:-1"},"canonical":"https:\/\/www.flad.pt\/en\/about-flad\/","og_locale":"en_US","og_type":"article","og_title":"About FLAD - FLAD","og_description":"[vc_row row_height_percent=&#8221;0&#8243; override_padding=&#8221;yes&#8221; h_padding=&#8221;2&#8243; top_padding=&#8221;5&#8243; bottom_padding=&#8221;5&#8243; overlay_alpha=&#8221;100&#8243; gutter_size=&#8221;100&#8243; shift_y=&#8221;0&#8243; style=&#8221;inherited&#8221;][vc_column column_width_use_pixel=&#8221;yes&#8221; align_horizontal=&#8221;align_center&#8221; gutter_size=&#8221;4&#8243; font_family=&#8221;font-134980&#8243; overlay_alpha=&#8221;100&#8243; shift_x=&#8221;0&#8243; shift_y=&#8221;0&#8243; medium_width=&#8221;0&#8243; zoom_width=&#8221;0&#8243; zoom_height=&#8221;0&#8243; [&hellip;]","og_url":"https:\/\/www.flad.pt\/en\/about-flad\/","og_site_name":"FLAD","article_publisher":"https:\/\/www.facebook.com\/FundacaoLusoAmericana","article_modified_time":"2026-03-18T15:15:20+00:00","twitter_card":"summary_large_image","twitter_site":"@FLAD_PT","twitter_misc":{"Est. reading time":"4 minutes"},"schema":{"@context":"https:\/\/schema.org","@graph":[{"@type":"WebPage","@id":"https:\/\/www.flad.pt\/en\/about-flad\/","url":"https:\/\/www.flad.pt\/en\/about-flad\/","name":"About FLAD - FLAD","isPartOf":{"@id":"https:\/\/www.flad.pt\/en\/#website"},"datePublished":"2020-01-28T23:52:13+00:00","dateModified":"2026-03-18T15:15:20+00:00","breadcrumb":{"@id":"https:\/\/www.flad.pt\/en\/about-flad\/#breadcrumb"},"inLanguage":"en-US","potentialAction":[{"@type":"ReadAction","target":["https:\/\/www.flad.pt\/en\/about-flad\/"]}]},{"@type":"BreadcrumbList","@id":"https:\/\/www.flad.pt\/en\/about-flad\/#breadcrumb","itemListElement":[{"@type":"ListItem","position":1,"name":"In\u00edcio","item":"https:\/\/www.flad.pt\/en\/"},{"@type":"ListItem","position":2,"name":"About FLAD"}]},{"@type":"WebSite","@id":"https:\/\/www.flad.pt\/en\/#website","url":"https:\/\/www.flad.pt\/en\/","name":"FLAD","description":"Funda\u00e7\u00e3o Luso-Americana para o Desenvolvimento","publisher":{"@id":"https:\/\/www.flad.pt\/en\/#organization"},"potentialAction":[{"@type":"SearchAction","target":{"@type":"EntryPoint","urlTemplate":"https:\/\/www.flad.pt\/en\/?s={search_term_string}"},"query-input":{"@type":"PropertyValueSpecification","valueRequired":true,"valueName":"search_term_string"}}],"inLanguage":"en-US"},{"@type":"Organization","@id":"https:\/\/www.flad.pt\/en\/#organization","name":"FLAD","url":"https:\/\/www.flad.pt\/en\/","logo":{"@type":"ImageObject","inLanguage":"en-US","@id":"https:\/\/www.flad.pt\/en\/#\/schema\/logo\/image\/","url":"https:\/\/www.flad.pt\/wp-content\/uploads\/2019\/11\/flad_vermelho.jpg","contentUrl":"https:\/\/www.flad.pt\/wp-content\/uploads\/2019\/11\/flad_vermelho.jpg","width":1024,"height":1024,"caption":"FLAD"},"image":{"@id":"https:\/\/www.flad.pt\/en\/#\/schema\/logo\/image\/"},"sameAs":["https:\/\/www.facebook.com\/FundacaoLusoAmericana","https:\/\/x.com\/FLAD_PT","https:\/\/www.linkedin.com\/company\/fundacao-luso-americana-flad-\/","https:\/\/www.youtube.com\/channel\/UCzy4add3qeIFfJB4bmC9Dog"]}]}},"_links":{"self":[{"href":"https:\/\/www.flad.pt\/en\/wp-json\/wp\/v2\/pages\/84118","targetHints":{"allow":["GET"]}}],"collection":[{"href":"https:\/\/www.flad.pt\/en\/wp-json\/wp\/v2\/pages"}],"about":[{"href":"https:\/\/www.flad.pt\/en\/wp-json\/wp\/v2\/types\/page"}],"author":[{"embeddable":true,"href":"https:\/\/www.flad.pt\/en\/wp-json\/wp\/v2\/users\/1"}],"replies":[{"embeddable":true,"href":"https:\/\/www.flad.pt\/en\/wp-json\/wp\/v2\/comments?post=84118"}],"version-history":[{"count":0,"href":"https:\/\/www.flad.pt\/en\/wp-json\/wp\/v2\/pages\/84118\/revisions"}],"wp:attachment":[{"href":"https:\/\/www.flad.pt\/en\/wp-json\/wp\/v2\/media?parent=84118"}],"curies":[{"name":"wp","href":"https:\/\/api.w.org\/{rel}","templated":true}]}}