{"id":110352,"date":"2025-02-13T17:55:56","date_gmt":"2025-02-13T17:55:56","guid":{"rendered":"https:\/\/www.flad.pt\/outsiders-american-independent-cinema-2025\/ghost-light\/"},"modified":"2025-02-26T09:50:36","modified_gmt":"2025-02-26T09:50:36","slug":"ghost-light","status":"publish","type":"page","link":"https:\/\/www.flad.pt\/en\/outsiders-american-independent-cinema-2025\/ghost-light\/","title":{"rendered":"Ghost Light"},"content":{"rendered":"<div class=\"wpb-content-wrapper\"><p>[vc_row row_height_percent=&#8221;0&#8243; override_padding=&#8221;yes&#8221; h_padding=&#8221;2&#8243; top_padding=&#8221;3&#8243; bottom_padding=&#8221;6&#8243; overlay_alpha=&#8221;50&#8243; gutter_size=&#8221;3&#8243; column_width_percent=&#8221;100&#8243; shift_y=&#8221;0&#8243; z_index=&#8221;0&#8243;][vc_column width=&#8221;1\/2&#8243;][vc_empty_space empty_h=&#8221;3&#8243; mobile_visibility=&#8221;yes&#8221;][vc_custom_heading text_color=&#8221;color-775141&#8243; heading_semantic=&#8221;h1&#8243; text_font=&#8221;font-596618&#8243; text_size=&#8221;h1&#8243; text_transform=&#8221;uppercase&#8221; text_space=&#8221;fontspace-111509&#8243; uncode_shortcode_id=&#8221;208913&#8243; text_color_type=&#8221;uncode-palette&#8221;]Ghost Light[\/vc_custom_heading][vc_column_text uncode_shortcode_id=&#8221;170077&#8243;]<span class=\"font-596618\">Fiction, 2024, 115&#8242;<\/span><br \/>\n<span class=\"font-596618\" style=\"color: #e50512;\">16\/03 Sun | 19h00 | Manoel de Oliveira Room<\/span>[\/vc_column_text][vc_empty_space empty_h=&#8221;2&#8243;][vc_single_image media=&#8221;110130&#8243; media_width_percent=&#8221;100&#8243; media_ratio=&#8221;sixteen-nine&#8221; uncode_shortcode_id=&#8221;174682&#8243;][vc_empty_space empty_h=&#8221;2&#8243;][vc_column_text text_lead=&#8221;small&#8221; uncode_shortcode_id=&#8221;206400&#8243;]<\/p>\n<p class=\"p1\"><span class=\"font-596618\"><strong>Directed by <\/strong>Kelly O&#8217;Sullivan<\/span><br \/>\n<span class=\"font-596618\"><strong><span data-contrast=\"auto\">Cinematography <\/span><\/strong>Luke Dyra<\/span><br \/>\n<span class=\"font-596618\"><strong><span data-contrast=\"auto\">Cast <\/span><\/strong>Keith Kupferer, Katherine Mallen Kupferer, Tara Mallen<\/span>[\/vc_column_text][vc_column_text text_lead=&#8221;small&#8221; uncode_shortcode_id=&#8221;873346&#8243;]<\/p>\n<p class=\"p1\"><span class=\"font-596618\">Sele\u00e7\u00e3o oficial dos festivais de Sundance, SXSW (South By Southwest), Seattle (pr\u00e9mios de realiza\u00e7\u00e3o e interpreta\u00e7\u00e3o); nomea\u00e7\u00e3o para os pr\u00e9mios John Cassavetes e melhor interpreta\u00e7\u00e3o (Independent Spirit Awards) (2024)\u00a0\u00a0<\/span><\/p>\n<p>[\/vc_column_text][vc_empty_space empty_h=&#8221;2&#8243;][vc_button button_color=&#8221;color-149363&#8243; custom_typo=&#8221;yes&#8221; font_family=&#8221;font-596618&#8243; font_weight=&#8221;100&#8243; text_transform=&#8221;uppercase&#8221; letter_spacing=&#8221;fontspace-781688&#8243; border_width=&#8221;0&#8243; link=&#8221;url:https%3A%2F%2Fblueticket.meo.pt%2Fpt%2Fevent%2F13869%2Fpurchase|target:_blank&#8221; button_color_type=&#8221;uncode-palette&#8221; uncode_shortcode_id=&#8221;939052&#8243;]Ticket Office[\/vc_button][vc_empty_space empty_h=&#8221;2&#8243;][vc_separator sep_color=&#8221;color-334370&#8243; icon_position=&#8221;left&#8221; type=&#8221;dotted&#8221; css_animation=&#8221;left-t-right&#8221; animation_speed=&#8221;200&#8243; el_width=&#8221;100%&#8221; el_height=&#8221;2px&#8221;][\/vc_column][vc_column width=&#8221;1\/2&#8243;][vc_single_image media=&#8221;110132&#8243; media_width_percent=&#8221;100&#8243; media_ratio=&#8221;four-three&#8221; uncode_shortcode_id=&#8221;400968&#8243;][vc_empty_space empty_h=&#8221;2&#8243;][vc_row_inner limit_content=&#8221;&#8221;][vc_column_inner column_width_percent=&#8221;80&#8243; position_horizontal=&#8221;right&#8221; gutter_size=&#8221;3&#8243; overlay_alpha=&#8221;50&#8243; shift_x=&#8221;0&#8243; shift_y=&#8221;0&#8243; shift_y_down=&#8221;0&#8243; z_index=&#8221;0&#8243; medium_width=&#8221;0&#8243; mobile_width=&#8221;0&#8243; width=&#8221;1\/1&#8243;][vc_separator sep_color=&#8221;color-334370&#8243; icon_position=&#8221;left&#8221; type=&#8221;dotted&#8221; css_animation=&#8221;left-t-right&#8221; animation_speed=&#8221;200&#8243; el_width=&#8221;100%&#8221; el_height=&#8221;2px&#8221;][vc_column_text uncode_shortcode_id=&#8221;380940&#8243;]<\/p>\n<p class=\"p1\"><span class=\"font-596618\">When Dan Mueller (the notable Keith Kupferer), a construction worker, unexpectedly joins a production of Romeo and Juliet at a local theater, the drama onstage begins to mirror his own life. Directors Kelly O&#8217;Sullivan (also Screenwriter) and Alex Thompson, don\u00b4t hesitate to draw parallels and echoes between life and art, but Shakespeare\u00b4s story of unhappy lovers is more than a simple mirror through which Dan can see himself and others; it is a means by which he can understand himself and others, especially those closest to him. We can see Ghostlight as a comedy in a broad sense, but also as a modern tragedy, or even a redeeming anthem. <\/span><\/p>\n<p>[\/vc_column_text][vc_custom_heading text_color=&#8221;color-142668&#8243; heading_semantic=&#8221;h6&#8243; text_font=&#8221;font-596618&#8243; text_size=&#8221;fontsize-197237&#8243; text_transform=&#8221;uppercase&#8221; text_space=&#8221;fontspace-111509&#8243; uncode_shortcode_id=&#8221;125409&#8243; text_color_type=&#8221;uncode-palette&#8221;]<span style=\"color: #00aeef;\">\u2190<a style=\"color: #00aeef;\" href=\"https:\/\/www.flad.pt\/outsiders-cinema-independente-americano-2025\/\"><span class=\"font-596618\">\u00a0Voltar<\/span><\/a><\/span>[\/vc_custom_heading][\/vc_column_inner][\/vc_row_inner][\/vc_column][\/vc_row][vc_row row_height_percent=&#8221;0&#8243; overlay_alpha=&#8221;50&#8243; gutter_size=&#8221;3&#8243; column_width_percent=&#8221;100&#8243; shift_y=&#8221;0&#8243; z_index=&#8221;0&#8243; desktop_visibility=&#8221;yes&#8221; medium_visibility=&#8221;yes&#8221; mobile_visibility=&#8221;yes&#8221;][vc_column width=&#8221;1\/1&#8243;][\/vc_column][\/vc_row]<\/p>\n<\/div>","protected":false},"excerpt":{"rendered":"<p>[vc_row row_height_percent=&#8221;0&#8243; override_padding=&#8221;yes&#8221; h_padding=&#8221;2&#8243; top_padding=&#8221;3&#8243; bottom_padding=&#8221;6&#8243; overlay_alpha=&#8221;50&#8243; gutter_size=&#8221;3&#8243; column_width_percent=&#8221;100&#8243; shift_y=&#8221;0&#8243; z_index=&#8221;0&#8243;][vc_column width=&#8221;1\/2&#8243;][vc_empty_space empty_h=&#8221;3&#8243; mobile_visibility=&#8221;yes&#8221;][vc_custom_heading text_color=&#8221;color-775141&#8243; heading_semantic=&#8221;h1&#8243; text_font=&#8221;font-596618&#8243; text_size=&#8221;h1&#8243; text_transform=&#8221;uppercase&#8221; text_space=&#8221;fontspace-111509&#8243; [&hellip;]<\/p>\n","protected":false},"author":1,"featured_media":0,"parent":110342,"menu_order":0,"comment_status":"closed","ping_status":"closed","template":"","meta":{"footnotes":"","_links_to":"","_links_to_target":""},"class_list":["post-110352","page","type-page","status-publish","hentry"],"yoast_head":"<!-- This site is optimized with the Yoast SEO plugin v26.7 - https:\/\/yoast.com\/wordpress\/plugins\/seo\/ -->\n<title>Ghost Light - FLAD<\/title>\n<meta name=\"robots\" content=\"index, follow, max-snippet:-1, max-image-preview:large, max-video-preview:-1\" \/>\n<link rel=\"canonical\" href=\"https:\/\/www.flad.pt\/en\/outsiders-american-independent-cinema-2025\/ghost-light\/\" \/>\n<meta property=\"og:locale\" content=\"en_US\" \/>\n<meta property=\"og:type\" content=\"article\" \/>\n<meta property=\"og:title\" content=\"Ghost Light - FLAD\" \/>\n<meta property=\"og:description\" content=\"[vc_row row_height_percent=&#8221;0&#8243; override_padding=&#8221;yes&#8221; h_padding=&#8221;2&#8243; top_padding=&#8221;3&#8243; bottom_padding=&#8221;6&#8243; overlay_alpha=&#8221;50&#8243; gutter_size=&#8221;3&#8243; column_width_percent=&#8221;100&#8243; shift_y=&#8221;0&#8243; z_index=&#8221;0&#8243;][vc_column width=&#8221;1\/2&#8243;][vc_empty_space empty_h=&#8221;3&#8243; mobile_visibility=&#8221;yes&#8221;][vc_custom_heading text_color=&#8221;color-775141&#8243; heading_semantic=&#8221;h1&#8243; text_font=&#8221;font-596618&#8243; text_size=&#8221;h1&#8243; text_transform=&#8221;uppercase&#8221; text_space=&#8221;fontspace-111509&#8243; [&hellip;]\" \/>\n<meta property=\"og:url\" content=\"https:\/\/www.flad.pt\/en\/outsiders-american-independent-cinema-2025\/ghost-light\/\" \/>\n<meta property=\"og:site_name\" content=\"FLAD\" \/>\n<meta property=\"article:publisher\" content=\"https:\/\/www.facebook.com\/FundacaoLusoAmericana\" \/>\n<meta property=\"article:modified_time\" content=\"2025-02-26T09:50:36+00:00\" \/>\n<meta name=\"twitter:card\" content=\"summary_large_image\" \/>\n<meta name=\"twitter:site\" content=\"@FLAD_PT\" \/>\n<meta name=\"twitter:label1\" content=\"Est. reading time\" \/>\n\t<meta name=\"twitter:data1\" content=\"2 minutes\" \/>\n<script type=\"application\/ld+json\" class=\"yoast-schema-graph\">{\"@context\":\"https:\/\/schema.org\",\"@graph\":[{\"@type\":\"WebPage\",\"@id\":\"https:\/\/www.flad.pt\/en\/outsiders-american-independent-cinema-2025\/ghost-light\/\",\"url\":\"https:\/\/www.flad.pt\/en\/outsiders-american-independent-cinema-2025\/ghost-light\/\",\"name\":\"Ghost Light - FLAD\",\"isPartOf\":{\"@id\":\"https:\/\/www.flad.pt\/en\/#website\"},\"datePublished\":\"2025-02-13T17:55:56+00:00\",\"dateModified\":\"2025-02-26T09:50:36+00:00\",\"breadcrumb\":{\"@id\":\"https:\/\/www.flad.pt\/en\/outsiders-american-independent-cinema-2025\/ghost-light\/#breadcrumb\"},\"inLanguage\":\"en-US\",\"potentialAction\":[{\"@type\":\"ReadAction\",\"target\":[\"https:\/\/www.flad.pt\/en\/outsiders-american-independent-cinema-2025\/ghost-light\/\"]}]},{\"@type\":\"BreadcrumbList\",\"@id\":\"https:\/\/www.flad.pt\/en\/outsiders-american-independent-cinema-2025\/ghost-light\/#breadcrumb\",\"itemListElement\":[{\"@type\":\"ListItem\",\"position\":1,\"name\":\"In\u00edcio\",\"item\":\"https:\/\/www.flad.pt\/en\/\"},{\"@type\":\"ListItem\",\"position\":2,\"name\":\"Outsiders &#8211; American Independent Cinema 2025\",\"item\":\"https:\/\/www.flad.pt\/en\/outsiders\/\"},{\"@type\":\"ListItem\",\"position\":3,\"name\":\"Ghost Light\"}]},{\"@type\":\"WebSite\",\"@id\":\"https:\/\/www.flad.pt\/en\/#website\",\"url\":\"https:\/\/www.flad.pt\/en\/\",\"name\":\"FLAD\",\"description\":\"Funda\u00e7\u00e3o Luso-Americana para o Desenvolvimento\",\"publisher\":{\"@id\":\"https:\/\/www.flad.pt\/en\/#organization\"},\"potentialAction\":[{\"@type\":\"SearchAction\",\"target\":{\"@type\":\"EntryPoint\",\"urlTemplate\":\"https:\/\/www.flad.pt\/en\/?s={search_term_string}\"},\"query-input\":{\"@type\":\"PropertyValueSpecification\",\"valueRequired\":true,\"valueName\":\"search_term_string\"}}],\"inLanguage\":\"en-US\"},{\"@type\":\"Organization\",\"@id\":\"https:\/\/www.flad.pt\/en\/#organization\",\"name\":\"FLAD\",\"url\":\"https:\/\/www.flad.pt\/en\/\",\"logo\":{\"@type\":\"ImageObject\",\"inLanguage\":\"en-US\",\"@id\":\"https:\/\/www.flad.pt\/en\/#\/schema\/logo\/image\/\",\"url\":\"https:\/\/www.flad.pt\/wp-content\/uploads\/2019\/11\/flad_vermelho.jpg\",\"contentUrl\":\"https:\/\/www.flad.pt\/wp-content\/uploads\/2019\/11\/flad_vermelho.jpg\",\"width\":1024,\"height\":1024,\"caption\":\"FLAD\"},\"image\":{\"@id\":\"https:\/\/www.flad.pt\/en\/#\/schema\/logo\/image\/\"},\"sameAs\":[\"https:\/\/www.facebook.com\/FundacaoLusoAmericana\",\"https:\/\/x.com\/FLAD_PT\",\"https:\/\/www.linkedin.com\/company\/fundacao-luso-americana-flad-\/\",\"https:\/\/www.youtube.com\/channel\/UCzy4add3qeIFfJB4bmC9Dog\"]}]}<\/script>\n<!-- \/ Yoast SEO plugin. -->","yoast_head_json":{"title":"Ghost Light - FLAD","robots":{"index":"index","follow":"follow","max-snippet":"max-snippet:-1","max-image-preview":"max-image-preview:large","max-video-preview":"max-video-preview:-1"},"canonical":"https:\/\/www.flad.pt\/en\/outsiders-american-independent-cinema-2025\/ghost-light\/","og_locale":"en_US","og_type":"article","og_title":"Ghost Light - FLAD","og_description":"[vc_row row_height_percent=&#8221;0&#8243; override_padding=&#8221;yes&#8221; h_padding=&#8221;2&#8243; top_padding=&#8221;3&#8243; bottom_padding=&#8221;6&#8243; overlay_alpha=&#8221;50&#8243; gutter_size=&#8221;3&#8243; column_width_percent=&#8221;100&#8243; shift_y=&#8221;0&#8243; z_index=&#8221;0&#8243;][vc_column width=&#8221;1\/2&#8243;][vc_empty_space empty_h=&#8221;3&#8243; mobile_visibility=&#8221;yes&#8221;][vc_custom_heading text_color=&#8221;color-775141&#8243; heading_semantic=&#8221;h1&#8243; text_font=&#8221;font-596618&#8243; text_size=&#8221;h1&#8243; text_transform=&#8221;uppercase&#8221; text_space=&#8221;fontspace-111509&#8243; [&hellip;]","og_url":"https:\/\/www.flad.pt\/en\/outsiders-american-independent-cinema-2025\/ghost-light\/","og_site_name":"FLAD","article_publisher":"https:\/\/www.facebook.com\/FundacaoLusoAmericana","article_modified_time":"2025-02-26T09:50:36+00:00","twitter_card":"summary_large_image","twitter_site":"@FLAD_PT","twitter_misc":{"Est. reading time":"2 minutes"},"schema":{"@context":"https:\/\/schema.org","@graph":[{"@type":"WebPage","@id":"https:\/\/www.flad.pt\/en\/outsiders-american-independent-cinema-2025\/ghost-light\/","url":"https:\/\/www.flad.pt\/en\/outsiders-american-independent-cinema-2025\/ghost-light\/","name":"Ghost Light - FLAD","isPartOf":{"@id":"https:\/\/www.flad.pt\/en\/#website"},"datePublished":"2025-02-13T17:55:56+00:00","dateModified":"2025-02-26T09:50:36+00:00","breadcrumb":{"@id":"https:\/\/www.flad.pt\/en\/outsiders-american-independent-cinema-2025\/ghost-light\/#breadcrumb"},"inLanguage":"en-US","potentialAction":[{"@type":"ReadAction","target":["https:\/\/www.flad.pt\/en\/outsiders-american-independent-cinema-2025\/ghost-light\/"]}]},{"@type":"BreadcrumbList","@id":"https:\/\/www.flad.pt\/en\/outsiders-american-independent-cinema-2025\/ghost-light\/#breadcrumb","itemListElement":[{"@type":"ListItem","position":1,"name":"In\u00edcio","item":"https:\/\/www.flad.pt\/en\/"},{"@type":"ListItem","position":2,"name":"Outsiders &#8211; American Independent Cinema 2025","item":"https:\/\/www.flad.pt\/en\/outsiders\/"},{"@type":"ListItem","position":3,"name":"Ghost Light"}]},{"@type":"WebSite","@id":"https:\/\/www.flad.pt\/en\/#website","url":"https:\/\/www.flad.pt\/en\/","name":"FLAD","description":"Funda\u00e7\u00e3o Luso-Americana para o Desenvolvimento","publisher":{"@id":"https:\/\/www.flad.pt\/en\/#organization"},"potentialAction":[{"@type":"SearchAction","target":{"@type":"EntryPoint","urlTemplate":"https:\/\/www.flad.pt\/en\/?s={search_term_string}"},"query-input":{"@type":"PropertyValueSpecification","valueRequired":true,"valueName":"search_term_string"}}],"inLanguage":"en-US"},{"@type":"Organization","@id":"https:\/\/www.flad.pt\/en\/#organization","name":"FLAD","url":"https:\/\/www.flad.pt\/en\/","logo":{"@type":"ImageObject","inLanguage":"en-US","@id":"https:\/\/www.flad.pt\/en\/#\/schema\/logo\/image\/","url":"https:\/\/www.flad.pt\/wp-content\/uploads\/2019\/11\/flad_vermelho.jpg","contentUrl":"https:\/\/www.flad.pt\/wp-content\/uploads\/2019\/11\/flad_vermelho.jpg","width":1024,"height":1024,"caption":"FLAD"},"image":{"@id":"https:\/\/www.flad.pt\/en\/#\/schema\/logo\/image\/"},"sameAs":["https:\/\/www.facebook.com\/FundacaoLusoAmericana","https:\/\/x.com\/FLAD_PT","https:\/\/www.linkedin.com\/company\/fundacao-luso-americana-flad-\/","https:\/\/www.youtube.com\/channel\/UCzy4add3qeIFfJB4bmC9Dog"]}]}},"_links":{"self":[{"href":"https:\/\/www.flad.pt\/en\/wp-json\/wp\/v2\/pages\/110352","targetHints":{"allow":["GET"]}}],"collection":[{"href":"https:\/\/www.flad.pt\/en\/wp-json\/wp\/v2\/pages"}],"about":[{"href":"https:\/\/www.flad.pt\/en\/wp-json\/wp\/v2\/types\/page"}],"author":[{"embeddable":true,"href":"https:\/\/www.flad.pt\/en\/wp-json\/wp\/v2\/users\/1"}],"replies":[{"embeddable":true,"href":"https:\/\/www.flad.pt\/en\/wp-json\/wp\/v2\/comments?post=110352"}],"version-history":[{"count":0,"href":"https:\/\/www.flad.pt\/en\/wp-json\/wp\/v2\/pages\/110352\/revisions"}],"up":[{"embeddable":true,"href":"https:\/\/www.flad.pt\/en\/wp-json\/wp\/v2\/pages\/110342"}],"wp:attachment":[{"href":"https:\/\/www.flad.pt\/en\/wp-json\/wp\/v2\/media?parent=110352"}],"curies":[{"name":"wp","href":"https:\/\/api.w.org\/{rel}","templated":true}]}}